{"id":1541,"date":"2021-03-22T20:07:08","date_gmt":"2021-03-22T19:07:08","guid":{"rendered":"http:\/\/passeurs-archives.ch\/romont-souvenirs\/?page_id=1541"},"modified":"2021-03-23T08:58:40","modified_gmt":"2021-03-23T07:58:40","slug":"publication","status":"publish","type":"page","link":"http:\/\/passeurs-archives.ch\/romont-souvenirs\/publication\/","title":{"rendered":"Publication"},"content":{"rendered":"[vc_row][vc_column][vc_empty_space height=\u00a0\u00bb90&Prime;][\/vc_column][\/vc_row][vc_row][vc_column width=\u00a0\u00bb1\/2&Prime; css=\u00a0\u00bb.vc_custom_1616238772570{padding-right: 5% !important;padding-left: 5% !important;}\u00a0\u00bb][vc_custom_heading text=\u00a0\u00bbPublication\u00a0\u00bb font_container=\u00a0\u00bbtag:h2|font_size:33|text_align:left|color:%2303afa4&Prime; google_fonts=\u00a0\u00bbfont_family:Roboto%3A100%2C100italic%2C300%2C300italic%2Cregular%2Citalic%2C500%2C500italic%2C700%2C700italic%2C900%2C900italic|font_style:500%20bold%20regular%3A500%3Anormal\u00a0\u00bb][vc_column_text]En lien avec l\u2019exposition <i>Romont-Souvenirs,<\/i> qui a lieu aux Capucins \u00e0 Romont du 8 mai au 18 septembre 2021, Pro Fribourg d\u00e9die son cahier no 211 \u00e0 <b><i>Romont, une collection photographique in\u00e9dite<\/i><\/b><i>.<\/i><\/p>\n<p>Un article, <i>Un riche fonds photographique gl\u00e2nois,<\/i> pr\u00e9sente le fonds du magasin-atelier de photographies c\u00e9d\u00e9 \u00e0 la Ville de Romont par Jean-Louis Donzallaz, en assurant ainsi la pr\u00e9servation d\u2019une m\u00e9moire collective et la transmission d\u2019une histoire r\u00e9gionale. Un second article est consacr\u00e9 \u00e0 l\u2019exposition <i>Romont \u2013 Souvenirs.<\/i> Ces pages sont illustr\u00e9es par de nombreuses photographies de Adolphe Geisel, Michel Bourquard et Jean-Louis Donzallaz. Dans le <i>Portfolio<\/i> de ce cahier de Pro Fribourg, est publi\u00e9e une s\u00e9lection des plus belles images d\u2019Adolphe Geisel.<\/p>\n<p>Le cahier de Pro Fribourg, vendu au prix de fr. 18.-, est diffus\u00e9 dans les principales librairies de Fribourg, de Bulle, ainsi qu\u2019\u00e0 la Librairie La Rumeur \u00e0 Romont. Il est \u00e9galement disponible aupr\u00e8s du <a href=\"https:\/\/profribourg.ch\/publications\/cahiers.html\">secr\u00e9tariat de Pro Fribourg<\/a>.<\/p>\n<p>Durant l\u2019exposition, l\u2019<a href=\"https:\/\/www.romontregion.ch\/fr\/\">Office du tourisme de Romont<\/a> vendra \u00e9galement ce cahier <i>Romont, une collection photographique in\u00e9dite.<\/i>[\/vc_column_text][vc_empty_space height=\u00a0\u00bb50&Prime;][\/vc_column][vc_column width=\u00a0\u00bb1\/2&Prime;][\/vc_column][\/vc_row]\n","protected":false},"excerpt":{"rendered":"<p>[vc_row][vc_column][vc_empty_space height=\u00a0\u00bb90&Prime;][\/vc_column][\/vc_row][vc_row][vc_column width=\u00a0\u00bb1\/2&Prime; css=\u00a0\u00bb.vc_custom_1616238772570{padding-right: 5% !important;padding-left: 5% !important;}\u00a0\u00bb][vc_custom_heading text=\u00a0\u00bbPublication\u00a0\u00bb font_container=\u00a0\u00bbtag:h2|font_size:33|text_align:left|color:%2303afa4&Prime; google_fonts=\u00a0\u00bbfont_family:Roboto%3A100%2C100italic%2C300%2C300italic%2Cregular%2Citalic%2C500%2C500italic%2C700%2C700italic%2C900%2C900italic|font_style:500%20bold%20regular%3A500%3Anormal\u00a0\u00bb][vc_column_text]En lien avec l\u2019exposition Romont-Souvenirs, qui a lieu aux Capucins \u00e0 Romont du 8 mai au 18 septembre 2021, Pro Fribourg d\u00e9die son cahier no 211 \u00e0 Romont, une collection photographique in\u00e9dite. Un article, Un riche fonds photographique gl\u00e2nois, pr\u00e9sente le fonds du magasin-atelier de&hellip;<\/p>\n","protected":false},"author":1,"featured_media":0,"parent":0,"menu_order":0,"comment_status":"closed","ping_status":"closed","template":"","meta":{"footnotes":""},"_links":{"self":[{"href":"http:\/\/passeurs-archives.ch\/romont-souvenirs\/wp-json\/wp\/v2\/pages\/1541"}],"collection":[{"href":"http:\/\/passeurs-archives.ch\/romont-souvenirs\/wp-json\/wp\/v2\/pages"}],"about":[{"href":"http:\/\/passeurs-archives.ch\/romont-souvenirs\/wp-json\/wp\/v2\/types\/page"}],"author":[{"embeddable":true,"href":"http:\/\/passeurs-archives.ch\/romont-souvenirs\/wp-json\/wp\/v2\/users\/1"}],"replies":[{"embeddable":true,"href":"http:\/\/passeurs-archives.ch\/romont-souvenirs\/wp-json\/wp\/v2\/comments?post=1541"}],"version-history":[{"count":9,"href":"http:\/\/passeurs-archives.ch\/romont-souvenirs\/wp-json\/wp\/v2\/pages\/1541\/revisions"}],"predecessor-version":[{"id":1574,"href":"http:\/\/passeurs-archives.ch\/romont-souvenirs\/wp-json\/wp\/v2\/pages\/1541\/revisions\/1574"}],"wp:attachment":[{"href":"http:\/\/passeurs-archives.ch\/romont-souvenirs\/wp-json\/wp\/v2\/media?parent=1541"}],"curies":[{"name":"wp","href":"https:\/\/api.w.org\/{rel}","templated":true}]}}