{"id":257,"date":"2021-01-26T19:55:01","date_gmt":"2021-01-26T18:55:01","guid":{"rendered":"http:\/\/passeurs-archives.ch\/romont-souvenirs\/?page_id=257"},"modified":"2021-04-01T11:24:23","modified_gmt":"2021-04-01T09:24:23","slug":"a-propos","status":"publish","type":"page","link":"http:\/\/passeurs-archives.ch\/romont-souvenirs\/a-propos\/","title":{"rendered":"L&rsquo;exposition"},"content":{"rendered":"[vc_row][vc_column][vc_empty_space height=\u00a0\u00bb90&Prime;][\/vc_column][\/vc_row][vc_row][vc_column width=\u00a0\u00bb1\/2&Prime; css=\u00a0\u00bb.vc_custom_1616238772570{padding-right: 5% !important;padding-left: 5% !important;}\u00a0\u00bb][vc_custom_heading text=\u00a0\u00bbA propos de l&rsquo;exposition\u00a0\u00bb font_container=\u00a0\u00bbtag:h2|font_size:33|text_align:left|color:%2303afa4&Prime; google_fonts=\u00a0\u00bbfont_family:Roboto%3A100%2C100italic%2C300%2C300italic%2Cregular%2Citalic%2C500%2C500italic%2C700%2C700italic%2C900%2C900italic|font_style:500%20bold%20regular%3A500%3Anormal\u00a0\u00bb][vc_column_text]Sous le titre <em>Romont-Souvenirs<\/em>, est organis\u00e9e aux Capucins \u00e0 Romont, du 8 mai au 18 septembre 2021, une exposition de photographies issues d\u2019un fonds d\u2019un ancien magasin que la Ville a acquis. <strong><a href=\"http:\/\/passeurs-archives.ch\/romont-souvenirs\/essai-photographes\/\">Trois photographes<\/a><\/strong>\u00a0 s\u2019y sont succ\u00e9d\u00e9\u00a0: Adolphe Geisel, de 1936 \u00e0 1971, Michel Bourquard, de 1971 \u00e0 1981, et Jean-Louis Donzallaz, de 1981 \u00e0 2018. Pour Romont et pour la Gl\u00e2ne, ce fonds repr\u00e9sente une richesse inestimable en tant que t\u00e9moignages.<\/p>\n<p>&nbsp;<\/p>\n<p>La Ville de Romont a d\u00e9cid\u00e9 d\u2019offrir \u00e0 sa population une exposition pr\u00e9sentant une s\u00e9lection de cette tr\u00e8s grande collection. Sa r\u00e9alisation a \u00e9t\u00e9 confi\u00e9e \u00e0 Passeurs d\u2019archives s\u00e0rl, entreprise qui soutient la Ville pour la gestion de ses archives. Quelques 350 images des trois photographes y sont expos\u00e9es, qui offrent une palette sociale, culturelle, historique et religieuse entre le milieu des ann\u00e9es 1930 et le d\u00e9but des ann\u00e9es 2000. Elles ne manqueront pas d\u2019\u00e9voquer pour les habitants de la r\u00e9gion des souvenirs.[\/vc_column_text][vc_empty_space height=\u00a0\u00bb60&Prime;][\/vc_column][vc_column width=\u00a0\u00bb1\/2&Prime;][vc_single_image image=\u00a0\u00bb1551&Prime; img_size=\u00a0\u00bbmedium\u00a0\u00bb alignment=\u00a0\u00bbcenter\u00a0\u00bb css=\u00a0\u00bb.vc_custom_1617268947848{padding-right: 5% !important;padding-bottom: 4px !important;padding-left: 5% !important;}\u00a0\u00bb][vc_column_text css=\u00a0\u00bb.vc_custom_1617043343833{padding-bottom: 10px !important;}\u00a0\u00bb]\n<h6 style=\"text-align: center;\">\u00a9 Adolphe Geisel &#8211; Ville de Romont<\/h6>\n[\/vc_column_text][vc_single_image image=\u00a0\u00bb1553&Prime; img_size=\u00a0\u00bbmedium\u00a0\u00bb alignment=\u00a0\u00bbcenter\u00a0\u00bb css=\u00a0\u00bb.vc_custom_1617268969345{padding-right: 5% !important;padding-bottom: 4px !important;padding-left: 5% !important;}\u00a0\u00bb][vc_column_text css=\u00a0\u00bb.vc_custom_1617043364433{padding-bottom: 10px !important;}\u00a0\u00bb]\n<h6 style=\"text-align: center;\">\u00a9 Jean-Louis Donzallaz &#8211; Ville de Romont<\/h6>\n[\/vc_column_text][vc_single_image image=\u00a0\u00bb1552&Prime; img_size=\u00a0\u00bbmedium\u00a0\u00bb alignment=\u00a0\u00bbcenter\u00a0\u00bb css=\u00a0\u00bb.vc_custom_1617268994339{padding-right: 5% !important;padding-bottom: 6px !important;padding-left: 5% !important;}\u00a0\u00bb][vc_column_text]\n<h6 style=\"text-align: center;\">\u00a9 Michel Bourquard &#8211; Ville de Romont<\/h6>\n[\/vc_column_text][vc_empty_space height=\u00a0\u00bb60&Prime;][\/vc_column][\/vc_row]\n","protected":false},"excerpt":{"rendered":"<p>[vc_row][vc_column][vc_empty_space height=\u00a0\u00bb90&Prime;][\/vc_column][\/vc_row][vc_row][vc_column width=\u00a0\u00bb1\/2&Prime; css=\u00a0\u00bb.vc_custom_1616238772570{padding-right: 5% !important;padding-left: 5% !important;}\u00a0\u00bb][vc_custom_heading text=\u00a0\u00bbA propos de l&rsquo;exposition\u00a0\u00bb font_container=\u00a0\u00bbtag:h2|font_size:33|text_align:left|color:%2303afa4&Prime; google_fonts=\u00a0\u00bbfont_family:Roboto%3A100%2C100italic%2C300%2C300italic%2Cregular%2Citalic%2C500%2C500italic%2C700%2C700italic%2C900%2C900italic|font_style:500%20bold%20regular%3A500%3Anormal\u00a0\u00bb][vc_column_text]Sous le titre Romont-Souvenirs, est organis\u00e9e aux Capucins \u00e0 Romont, du 8 mai au 18 septembre 2021, une exposition de photographies issues d\u2019un fonds d\u2019un ancien magasin que la Ville a acquis. Trois photographes\u00a0 s\u2019y sont succ\u00e9d\u00e9\u00a0: Adolphe Geisel, de 1936 \u00e0&hellip;<\/p>\n","protected":false},"author":1,"featured_media":0,"parent":0,"menu_order":0,"comment_status":"closed","ping_status":"closed","template":"","meta":{"footnotes":""},"_links":{"self":[{"href":"http:\/\/passeurs-archives.ch\/romont-souvenirs\/wp-json\/wp\/v2\/pages\/257"}],"collection":[{"href":"http:\/\/passeurs-archives.ch\/romont-souvenirs\/wp-json\/wp\/v2\/pages"}],"about":[{"href":"http:\/\/passeurs-archives.ch\/romont-souvenirs\/wp-json\/wp\/v2\/types\/page"}],"author":[{"embeddable":true,"href":"http:\/\/passeurs-archives.ch\/romont-souvenirs\/wp-json\/wp\/v2\/users\/1"}],"replies":[{"embeddable":true,"href":"http:\/\/passeurs-archives.ch\/romont-souvenirs\/wp-json\/wp\/v2\/comments?post=257"}],"version-history":[{"count":30,"href":"http:\/\/passeurs-archives.ch\/romont-souvenirs\/wp-json\/wp\/v2\/pages\/257\/revisions"}],"predecessor-version":[{"id":1713,"href":"http:\/\/passeurs-archives.ch\/romont-souvenirs\/wp-json\/wp\/v2\/pages\/257\/revisions\/1713"}],"wp:attachment":[{"href":"http:\/\/passeurs-archives.ch\/romont-souvenirs\/wp-json\/wp\/v2\/media?parent=257"}],"curies":[{"name":"wp","href":"https:\/\/api.w.org\/{rel}","templated":true}]}}