{"id":694,"date":"2021-02-01T20:55:43","date_gmt":"2021-02-01T19:55:43","guid":{"rendered":"http:\/\/passeurs-archives.ch\/romont-souvenirs\/?page_id=694"},"modified":"2021-03-29T19:42:38","modified_gmt":"2021-03-29T17:42:38","slug":"vos-messages","status":"publish","type":"page","link":"http:\/\/passeurs-archives.ch\/romont-souvenirs\/vos-messages\/","title":{"rendered":"Vos messages"},"content":{"rendered":"[vc_row css=\u00a0\u00bb.vc_custom_1616193534655{margin-top: 70px !important;}\u00a0\u00bb][vc_column width=\u00a0\u00bb2\/3&Prime; css=\u00a0\u00bb.vc_custom_1616238966399{padding-right: 5% !important;padding-left: 5% !important;}\u00a0\u00bb][vc_custom_heading text=\u00a0\u00bbVos messages\u00a0\u00bb font_container=\u00a0\u00bbtag:h2|font_size:33|text_align:left|color:%2303afa4&Prime; google_fonts=\u00a0\u00bbfont_family:Roboto%3A100%2C100italic%2C300%2C300italic%2Cregular%2Citalic%2C500%2C500italic%2C700%2C700italic%2C900%2C900italic|font_style:500%20bold%20regular%3A500%3Anormal\u00a0\u00bb][vc_empty_space height=\u00a0\u00bb10&Prime;][vc_column_text]Si vous avez des souvenirs ou des anecdotes \u00e0 nous raconter en rapport avec les images de cette exposition, nous en serions tr\u00e8s heureux. Vous pouvez le faire dans l\u2019encadr\u00e9 ci-dessous. Nous vous serions reconnaissants de pr\u00e9ciser si vous acceptez que nous les utilisions en lien avec une \u00e9ventuelle publication des images.[\/vc_column_text][vc_empty_space][vc_wp_text]    <div id=\"comments\" class=\"comments-area\">\n\t\t<div id=\"anycomment-root\"><\/div>\n<script type=\"text\/javascript\">\n    AnyComment = window.AnyComment || [];\n    AnyComment.WP = AnyComment.WP || [];\n    AnyComment.WP.push({\n        root: 'anycomment-root',        \n    });\n<\/script>    <\/div>\n\n    <noscript>\n\t\t<ul><\/ul>    <\/noscript>\n\n[\/vc_wp_text][vc_empty_space][\/vc_column][vc_column width=\u00a0\u00bb1\/3&Prime;][\/vc_column][\/vc_row]\n","protected":false},"excerpt":{"rendered":"<p>[vc_row css=\u00a0\u00bb.vc_custom_1616193534655{margin-top: 70px !important;}\u00a0\u00bb][vc_column width=\u00a0\u00bb2\/3&Prime; css=\u00a0\u00bb.vc_custom_1616238966399{padding-right: 5% !important;padding-left: 5% !important;}\u00a0\u00bb][vc_custom_heading text=\u00a0\u00bbVos messages\u00a0\u00bb font_container=\u00a0\u00bbtag:h2|font_size:33|text_align:left|color:%2303afa4&Prime; google_fonts=\u00a0\u00bbfont_family:Roboto%3A100%2C100italic%2C300%2C300italic%2Cregular%2Citalic%2C500%2C500italic%2C700%2C700italic%2C900%2C900italic|font_style:500%20bold%20regular%3A500%3Anormal\u00a0\u00bb][vc_empty_space height=\u00a0\u00bb10&Prime;][vc_column_text]Si vous avez des souvenirs ou des anecdotes \u00e0 nous raconter en rapport avec les images de cette exposition, nous en serions tr\u00e8s heureux. Vous pouvez le faire dans l\u2019encadr\u00e9 ci-dessous. Nous vous serions reconnaissants de pr\u00e9ciser si vous acceptez que&hellip;<\/p>\n","protected":false},"author":1,"featured_media":0,"parent":0,"menu_order":0,"comment_status":"closed","ping_status":"closed","template":"","meta":{"footnotes":""},"_links":{"self":[{"href":"http:\/\/passeurs-archives.ch\/romont-souvenirs\/wp-json\/wp\/v2\/pages\/694"}],"collection":[{"href":"http:\/\/passeurs-archives.ch\/romont-souvenirs\/wp-json\/wp\/v2\/pages"}],"about":[{"href":"http:\/\/passeurs-archives.ch\/romont-souvenirs\/wp-json\/wp\/v2\/types\/page"}],"author":[{"embeddable":true,"href":"http:\/\/passeurs-archives.ch\/romont-souvenirs\/wp-json\/wp\/v2\/users\/1"}],"replies":[{"embeddable":true,"href":"http:\/\/passeurs-archives.ch\/romont-souvenirs\/wp-json\/wp\/v2\/comments?post=694"}],"version-history":[{"count":8,"href":"http:\/\/passeurs-archives.ch\/romont-souvenirs\/wp-json\/wp\/v2\/pages\/694\/revisions"}],"predecessor-version":[{"id":1677,"href":"http:\/\/passeurs-archives.ch\/romont-souvenirs\/wp-json\/wp\/v2\/pages\/694\/revisions\/1677"}],"wp:attachment":[{"href":"http:\/\/passeurs-archives.ch\/romont-souvenirs\/wp-json\/wp\/v2\/media?parent=694"}],"curies":[{"name":"wp","href":"https:\/\/api.w.org\/{rel}","templated":true}]}}