{"id":745,"date":"2021-02-04T21:25:49","date_gmt":"2021-02-04T20:25:49","guid":{"rendered":"http:\/\/passeurs-archives.ch\/romont-souvenirs\/?page_id=745"},"modified":"2021-03-25T21:43:21","modified_gmt":"2021-03-25T20:43:21","slug":"essai-photographes","status":"publish","type":"page","link":"http:\/\/passeurs-archives.ch\/romont-souvenirs\/essai-photographes\/","title":{"rendered":"Les photographes"},"content":{"rendered":"[vc_row][vc_column width=\u00a0\u00bb2\/3&Prime;][vc_empty_space height=\u00a0\u00bb50&Prime;][vc_custom_heading text=\u00a0\u00bbLes Photographes\u00a0\u00bb font_container=\u00a0\u00bbtag:h2|font_size:33|text_align:left|color:%2303afa4&Prime; google_fonts=\u00a0\u00bbfont_family:Roboto%3A100%2C100italic%2C300%2C300italic%2Cregular%2Citalic%2C500%2C500italic%2C700%2C700italic%2C900%2C900italic|font_style:500%20bold%20regular%3A500%3Anormal\u00a0\u00bb css=\u00a0\u00bb.vc_custom_1616193174646{padding-top: 30px !important;padding-right: 30px !important;padding-left: 30px !important;}\u00a0\u00bb][\/vc_column][vc_column width=\u00a0\u00bb1\/3&Prime;][\/vc_column][\/vc_row][vc_row][vc_column width=\u00a0\u00bb2\/3&Prime;][vc_column_text el_class=\u00a0\u00bbmini-text\u00a0\u00bb css=\u00a0\u00bb.vc_custom_1616192667282{padding-top: 30px !important;padding-right: 30px !important;padding-bottom: 30px !important;padding-left: 30px !important;}\u00a0\u00bb]\n<h3>Adolphe Geisel<\/h3>\n<p>Adolphe Geisel, d\u2019origine bavaroise, est n\u00e9 le 26 avril 1909 \u00e0 B\u00e2le Ville, dont il a pris la bourgeoisie en 1922. Apr\u00e8s un apprentissage de photographe dans cette ville, il exerce cette activit\u00e9 dans diff\u00e9rentes r\u00e9gions de Suisse et de France. Sur un coup de c\u0153ur pour Romont et sa vue sur les Dents du Midi, il y reprend en 1936 un magasin. Veuf, il se marie en 1942 avec une Romontoise et fait construire par les architectes Fernand Dumas et Denis Honegger en 1944-45 sa maison-atelier dans la pente entre la gare et la ville (aujourd\u2019hui l\u2019avenue G\u00e9rard-Clerc). Il y r\u00e9sidera jusqu\u2019\u00e0 son d\u00e9c\u00e8s en 2003. Il a transmis son commerce en 1971 \u00e0 Michel Bourquard, qui avait travaill\u00e9 avec lui depuis 1968.[\/vc_column_text][vc_separator color=\u00a0\u00bbcustom\u00a0\u00bb accent_color=\u00a0\u00bb#c1c1c1&Prime; css=\u00a0\u00bb.vc_custom_1613223293091{padding-right: 27px !important;padding-left: 27px !important;}\u00a0\u00bb][\/vc_column][vc_column width=\u00a0\u00bb1\/3&Prime;][\/vc_column][\/vc_row][vc_row][vc_column width=\u00a0\u00bb2\/3&Prime;][vc_column_text el_class=\u00a0\u00bbmini-text\u00a0\u00bb css=\u00a0\u00bb.vc_custom_1616192708281{padding-top: 30px !important;padding-right: 30px !important;padding-bottom: 30px !important;padding-left: 30px !important;}\u00a0\u00bb]\n<h3>Michel Bourquard<\/h3>\n<p>Michel Bourquard (n\u00e9 en 1943) reprend l\u2019activit\u00e9 de photographe laiss\u00e9e par Adolphe Geisel en 1971. Il avait obtenu un dipl\u00f4me \u00e0 l\u2019Ecole de photographie de Vevey en 1966. Ce dernier quitte Romont apr\u00e8s 10 ans, en 1981, pour voyager et orienter ses activit\u00e9s dans la photographie commerciale et publicitaire. Il a travaill\u00e9 pour de grandes marques telles que Guess et Winston. Etabli \u00e0 Los Angeles, il a \u00e9galement r\u00e9alis\u00e9 des portraits de nombreuses c\u00e9l\u00e9brit\u00e9s et un grand nombre de ses photographies ont \u00e9t\u00e9 publi\u00e9es dans des magazines.[\/vc_column_text][vc_separator color=\u00a0\u00bbcustom\u00a0\u00bb accent_color=\u00a0\u00bb#c1c1c1&Prime; css=\u00a0\u00bb.vc_custom_1613223363504{padding-right: 27px !important;padding-left: 27px !important;}\u00a0\u00bb][\/vc_column][vc_column width=\u00a0\u00bb1\/3&Prime;][\/vc_column][\/vc_row][vc_row][vc_column width=\u00a0\u00bb2\/3&Prime;][vc_column_text el_class=\u00a0\u00bbmini-text\u00a0\u00bb css=\u00a0\u00bb.vc_custom_1616192677782{padding-top: 30px !important;padding-right: 30px !important;padding-bottom: 30px !important;padding-left: 30px !important;}\u00a0\u00bb]\n<h3>Jean-Louis Donzallaz<\/h3>\n<p>Parall\u00e8lement \u00e0 une activit\u00e9 \u00e0 la Migros de Romont \u00e0 partir de 1969, Jean-Louis Donzallaz (n\u00e9 le 10.11.1945) r\u00e9alise, en tant qu\u2019autodidacte, les photographies de nombreux mariages et couvre, entre 1975 et 1980, les grands \u00e9v\u00e9nements de la Gl\u00e2ne pour La Libert\u00e9. Il reprend le fonds de commerce de Michel Bouquard en 1981 et installe son magasin et son atelier \u00e0 la Grand-Rue dans une ancienne \u00e9picerie. Avec enthousiasme, il exercera l\u2019activit\u00e9 de photographe, \u00e0 Romont et dans toute la Gl\u00e2ne, jusqu\u2019en 2018, date \u00e0 laquelle il fermera son magasin et proposera le fonds de photographies du magasin \u00e0 la Ville de Romont.[\/vc_column_text][\/vc_column][vc_column width=\u00a0\u00bb1\/3&Prime;][\/vc_column][\/vc_row][vc_row][vc_column][vc_empty_space height=\u00a0\u00bb45px\u00a0\u00bb][\/vc_column][\/vc_row]\n","protected":false},"excerpt":{"rendered":"<p>[vc_row][vc_column width=\u00a0\u00bb2\/3&Prime;][vc_empty_space height=\u00a0\u00bb50&Prime;][vc_custom_heading text=\u00a0\u00bbLes Photographes\u00a0\u00bb font_container=\u00a0\u00bbtag:h2|font_size:33|text_align:left|color:%2303afa4&Prime; google_fonts=\u00a0\u00bbfont_family:Roboto%3A100%2C100italic%2C300%2C300italic%2Cregular%2Citalic%2C500%2C500italic%2C700%2C700italic%2C900%2C900italic|font_style:500%20bold%20regular%3A500%3Anormal\u00a0\u00bb css=\u00a0\u00bb.vc_custom_1616193174646{padding-top: 30px !important;padding-right: 30px !important;padding-left: 30px !important;}\u00a0\u00bb][\/vc_column][vc_column width=\u00a0\u00bb1\/3&Prime;][\/vc_column][\/vc_row][vc_row][vc_column width=\u00a0\u00bb2\/3&Prime;][vc_column_text el_class=\u00a0\u00bbmini-text\u00a0\u00bb css=\u00a0\u00bb.vc_custom_1616192667282{padding-top: 30px !important;padding-right: 30px !important;padding-bottom: 30px !important;padding-left: 30px !important;}\u00a0\u00bb] Adolphe Geisel Adolphe Geisel, d\u2019origine bavaroise, est n\u00e9 le 26 avril 1909 \u00e0 B\u00e2le Ville, dont il a pris la bourgeoisie en 1922. Apr\u00e8s un apprentissage de photographe dans&hellip;<\/p>\n","protected":false},"author":1,"featured_media":0,"parent":0,"menu_order":0,"comment_status":"closed","ping_status":"closed","template":"","meta":{"footnotes":""},"_links":{"self":[{"href":"http:\/\/passeurs-archives.ch\/romont-souvenirs\/wp-json\/wp\/v2\/pages\/745"}],"collection":[{"href":"http:\/\/passeurs-archives.ch\/romont-souvenirs\/wp-json\/wp\/v2\/pages"}],"about":[{"href":"http:\/\/passeurs-archives.ch\/romont-souvenirs\/wp-json\/wp\/v2\/types\/page"}],"author":[{"embeddable":true,"href":"http:\/\/passeurs-archives.ch\/romont-souvenirs\/wp-json\/wp\/v2\/users\/1"}],"replies":[{"embeddable":true,"href":"http:\/\/passeurs-archives.ch\/romont-souvenirs\/wp-json\/wp\/v2\/comments?post=745"}],"version-history":[{"count":25,"href":"http:\/\/passeurs-archives.ch\/romont-souvenirs\/wp-json\/wp\/v2\/pages\/745\/revisions"}],"predecessor-version":[{"id":1601,"href":"http:\/\/passeurs-archives.ch\/romont-souvenirs\/wp-json\/wp\/v2\/pages\/745\/revisions\/1601"}],"wp:attachment":[{"href":"http:\/\/passeurs-archives.ch\/romont-souvenirs\/wp-json\/wp\/v2\/media?parent=745"}],"curies":[{"name":"wp","href":"https:\/\/api.w.org\/{rel}","templated":true}]}}